{"id":199,"date":"2015-09-16T09:50:04","date_gmt":"2015-09-16T09:50:04","guid":{"rendered":"http:\/\/demo.themeum.com\/wordpress\/eventum\/?page_id=199"},"modified":"2024-06-03T12:57:17","modified_gmt":"2024-06-03T10:57:17","slug":"chi-siamo","status":"publish","type":"page","link":"http:\/\/www.bamstrategieculturali.com\/wikimuseums\/chi-siamo\/","title":{"rendered":"Chi siamo"},"content":{"rendered":"<div class=\"wpb-content-wrapper\"><p>[vc_row full_width=&#8221;stretch_row&#8221; css=&#8221;.vc_custom_1442386637993{margin-top: 0px !important;margin-bottom: 0px !important;padding-top: 100px !important;padding-bottom: 100px !important;background-image: url(http:\/\/www.bamstrategieculturali.com\/wikimuseums\/wp-content\/uploads\/2015\/09\/home-sponsors-bg.jpg?id=152) !important;background-position: center !important;background-repeat: no-repeat !important;background-size: cover !important;}&#8221;][vc_column]<div class=\"themeum-title  \" style=\"text-align:left;\"><h3 class=\"style-title\" style=\"margin:0 0 5px 0;font-weight:700;font-size:28px;line-height: normal;color:#000000;\">Wikimuseums \u00e8 un progetto di:<\/h3><\/div>[vc_row_inner][vc_column_inner width=&#8221;1\/2&#8243;]<div class=\"themeum-title  \" style=\"text-align:left;\"><h3 class=\"style-title\" style=\"font-weight:700;font-size:24px;line-height: normal;color:#000000;\">BAM! Strategie Culturali<\/h3><\/div>[vc_column_text]BAM! \u00e8 una societ\u00e0 di consulenza e progettazione in audience development, basata a Bologna e specializzata in servizi strategici per il settore culturale. Studi del pubblico, strategie di coinvolgimento digitale e partecipazione, business planning e valutazioni d\u2019impatto per azioni culturali:\u00a0BAM! sviluppa progetti innovativi per musei, festival, citt\u00e0, territori e reti, con l\u2019obiettivo di facilitare e ampliare l&#8217;accesso alla cultura.<\/p>\n<p><a href=\"http:\/\/www.bamstrategieculturali.com\" target=\"_blank\" rel=\"noopener\">bamstrategieculturali.com<\/a>[\/vc_column_text][\/vc_column_inner][vc_column_inner width=&#8221;1\/2&#8243;][vc_empty_space height=&#8221;44px&#8221;][vc_single_image image=&#8221;1255&#8243; img_size=&#8221;230\u00d7117&#8243; alignment=&#8221;center&#8221;][\/vc_column_inner][\/vc_row_inner][vc_empty_space]<div class=\"themeum-title  \" style=\"text-align:left;\"><h3 class=\"style-title\" style=\"margin:0 0 5px 0;font-weight:700;font-size:28px;line-height: normal;color:#000000;\">In collaborazione con:<\/h3><\/div>[vc_row_inner][vc_column_inner]<div class=\"themeum-title  \" style=\"text-align:left;\"><h3 class=\"style-title\" style=\"font-weight:700;font-size:24px;line-height: normal;\">Wikimedia Italia<\/h3><\/div>[vc_column_text]Wikimedia Italia \u2013 Associazione per la diffusione della conoscenza libera \u00e8 la corrispondente\u00a0italiana ufficiale di Wikimedia Foundation e ha il compito di promuovere i progetti gestiti dalla Wikimedia Foundation e la cultura libera in Italia. All\u2019interno dell\u2019associazione il gruppo GLAM (Gallerie, Biblioteche, Archivi e Musei) si occupa di migliorare i contenuti di Wikipedia su argomenti relativi al settore culturale, agevolando la collaborazione con enti e istituzioni.<\/p>\n<p><a href=\"http:\/\/www.wikimedia.it\" target=\"_blank\" rel=\"noopener\">wikimedia.it<\/a>[\/vc_column_text][\/vc_column_inner][\/vc_row_inner][vc_empty_space]<div class=\"themeum-title  \" style=\"text-align:left;\"><h3 class=\"style-title\" style=\"margin:0 0 5px 0;font-weight:700;font-size:28px;line-height: normal;color:#000000;\">Negli anni hanno contribuito al progetto:<\/h3><\/div>[vc_row_inner][vc_column_inner width=&#8221;1\/2&#8243;]<div class=\"themeum-title  \" style=\"text-align:left;\"><h3 class=\"style-title\" style=\"font-weight:700;font-size:24px;line-height: normal;\">Open Cultuur Data<\/h3><\/div>[vc_column_text]Open Cultuur Data \u00e8 un network olandese di professionisti, sviluppatori, designer ed esperti di copyright che apre i dati del settore culturale e ne incoraggia l\u2019applicazione in progetti culturali in grado di rendere la cultura accessibile a un pubblico sempre pi\u00f9 ampio. \u00c8 un\u2019iniziativa congiunta di Kennisland, Open State Foundation e Netherlands Institute for Sound and Vision.<\/p>\n<p><a href=\"http:\/\/www.opencultuurdata.nl\" target=\"_blank\" rel=\"noopener\">opencultuurdata.nl<\/a>[\/vc_column_text]<div class=\"themeum-title  \" style=\"text-align:left;\"><h3 class=\"style-title\" style=\"font-weight:700;font-size:24px;line-height: normal;color:#000000;\">Polo museale della Campania<\/h3><\/div>[vc_column_text]Il Polo museale della Campania \u00e8 una struttura territoriale del Ministero dei beni e delle attivit\u00e0 culturali e del turismo istituita nel 2014. La sua missione \u00e8 quella di valorizzare il patrimonio artistico sul territorio campano, gestendo l\u2019organizzazione e coordinando le attivit\u00e0 di ventotto musei e aree archeologiche.<\/p>\n<p><a href=\"http:\/\/http:\/\/www.polomusealecampania.beniculturali.it\/\" target=\"_blank\" rel=\"noopener\">polomusealecampania.beniculturali.it<\/a>[\/vc_column_text][vc_empty_space height=&#8221;2px&#8221;]<div class=\"themeum-title  \" style=\"text-align:left;\"><h3 class=\"style-title\" style=\"font-weight:700;font-size:24px;line-height: normal;color:#000000;\">Delegazione FAI Cesena<\/h3><\/div>[vc_column_text]Delegazione FAI Cesena \u00e8 la sezione locale del Fondo per l\u2019Ambiente Italiano, una fondazione senza scopo di lucro nata nel 1975, con il fine di tutelare e valorizzare il patrimonio storico, artistico e paesaggistico italiano, la cui attivit\u00e0 di concentra sulla protezione di Beni artistici e naturalistici, la sensibilizzazione delle persone al valore del patrimonio paesaggistico e monumentale e la mobilitazione attiva per la protezione del paesaggio a rischio.<\/p>\n<p><a href=\"https:\/\/fondoambiente.it\/luoghi\/rete-fai\/delegazione-fai-di-cesena\" target=\"_blank\" rel=\"noopener\">delegazionefaidicesena.fondoambiente.it<\/a>[\/vc_column_text][\/vc_column_inner][vc_column_inner width=&#8221;1\/2&#8243;]<div class=\"themeum-title  \" style=\"text-align:left;\"><h3 class=\"style-title\" style=\"font-weight:700;font-size:24px;line-height: normal;\">Ambasciata del Regno dei Paesi Bassi in Italia<\/h3><\/div>[vc_column_text]In occasione del semestre olandese di Presidenza dell\u2019Unione Europea le missioni diplomatiche olandesi in Italia hanno lanciato la open call \u201cLe Sfide delle Citt\u00e0\u201d, invitando le organizzazioni culturali e le aziende creative stabilite in Italia a partecipare presentando progetti di collaborazione con professionisti creativi e artisti olandesi: Wikimuseums \u00e8 stato uno dei 6 progetti vincitori.<\/p>\n<p><a href=\"http:\/\/italy.nlembassy.org\/\" target=\"_blank\" rel=\"noopener\">italy.nlembassy.org<\/a>[\/vc_column_text][vc_empty_space height=&#8221;2px&#8221;]<div class=\"themeum-title  \" style=\"text-align:left;\"><h3 class=\"style-title\" style=\"font-weight:700;font-size:24px;line-height: normal;\">Comune di Cesena<\/h3><\/div>[vc_column_text]Cesena, una citt\u00e0 fra pianura e collina, a breve distanza dal mare Adriatico. Qui la cultura e l\u2019arte sono di casa. Un centro storico tutto da scoprire, racchiuso dalle mura malatestiane ritratte da Leonardo Da Vinci: dalla Biblioteca Malatestiana, inestimabile patrimonio Memoria del Mondo Unesco, alla possente Rocca che domina la citt\u00e0. Lungo strade eleganti si incontrano il Palazzo del Ridotto, noto anche come Palazzo del Capitano, la Cattedrale di San Giovanni Battista, e l\u2019ottocentesco teatro Bonci; seguendo via delle Scalette si raggiunge la millenaria Abbazia di Santa Maria del Monte. Fuori dal centro si trova Villa Silvia-Carducci che ospita Musicalia, originale museo di musica meccanica.<\/p>\n<p><a href=\"https:\/\/www.comune.cesena.fc.it\/\" target=\"_blank\" rel=\"noopener\">comune.cesena.fc.it<\/a>[\/vc_column_text][\/vc_column_inner][\/vc_row_inner][vc_empty_space][\/vc_column][\/vc_row]<\/p>\n<\/div>","protected":false},"excerpt":{"rendered":"<p>[vc_row full_width=&#8221;stretch_row&#8221; css=&#8221;.vc_custom_1442386637993{margin-top: 0px !important;margin-bottom: 0px !important;padding-top: 100px !important;padding-bottom: 100px !important;background-image: url(http:\/\/www.bamstrategieculturali.com\/wikimuseums\/wp-content\/uploads\/2015\/09\/home-sponsors-bg.jpg?id=152) !important;background-position: center !important;background-repeat: no-repeat !important;background-size: cover !important;}&#8221;][vc_column][vc_row_inner][vc_column_inner width=&#8221;1\/2&#8243;][vc_column_text]BAM! \u00e8 una societ\u00e0 di consulenza e progettazione in audience development, basata a Bologna e specializzata in servizi strategici per il settore culturale. Studi del pubblico, strategie di coinvolgimento digitale e partecipazione, business planning e valutazioni&nbsp;<\/p>\n<p><a class=\"btn btn-style\" href=\"http:\/\/www.bamstrategieculturali.com\/wikimuseums\/chi-siamo\/\">Continue Reading<\/a><\/p>\n","protected":false},"author":1,"featured_media":0,"parent":0,"menu_order":0,"comment_status":"closed","ping_status":"closed","template":"","meta":{"footnotes":""},"_links":{"self":[{"href":"http:\/\/www.bamstrategieculturali.com\/wikimuseums\/wp-json\/wp\/v2\/pages\/199"}],"collection":[{"href":"http:\/\/www.bamstrategieculturali.com\/wikimuseums\/wp-json\/wp\/v2\/pages"}],"about":[{"href":"http:\/\/www.bamstrategieculturali.com\/wikimuseums\/wp-json\/wp\/v2\/types\/page"}],"author":[{"embeddable":true,"href":"http:\/\/www.bamstrategieculturali.com\/wikimuseums\/wp-json\/wp\/v2\/users\/1"}],"replies":[{"embeddable":true,"href":"http:\/\/www.bamstrategieculturali.com\/wikimuseums\/wp-json\/wp\/v2\/comments?post=199"}],"version-history":[{"count":60,"href":"http:\/\/www.bamstrategieculturali.com\/wikimuseums\/wp-json\/wp\/v2\/pages\/199\/revisions"}],"predecessor-version":[{"id":1659,"href":"http:\/\/www.bamstrategieculturali.com\/wikimuseums\/wp-json\/wp\/v2\/pages\/199\/revisions\/1659"}],"wp:attachment":[{"href":"http:\/\/www.bamstrategieculturali.com\/wikimuseums\/wp-json\/wp\/v2\/media?parent=199"}],"curies":[{"name":"wp","href":"https:\/\/api.w.org\/{rel}","templated":true}]}}