{"id":355,"date":"2015-09-17T09:56:03","date_gmt":"2015-09-17T09:56:03","guid":{"rendered":"http:\/\/demo.themeum.com\/wordpress\/eventum\/?page_id=355"},"modified":"2024-06-03T12:59:25","modified_gmt":"2024-06-03T10:59:25","slug":"programma","status":"publish","type":"page","link":"http:\/\/www.bamstrategieculturali.com\/wikimuseums\/programma\/","title":{"rendered":"Wikimuseums a Napoli"},"content":{"rendered":"<div class=\"wpb-content-wrapper\"><p>[vc_row][vc_column][vc_column_text]<\/p>\n<h4><span style=\"color: #ff6600;\">Il primo esperimento di Wikimuseums si \u00e8 svolto il 5 e 6 maggio 2016 al Museo Pignatelli di Napoli: due giorni di incontri e approfondimenti su patrimonio culturale e partecipazione digitale.<\/span><\/h4>\n<p>[\/vc_column_text][\/vc_column][\/vc_row][vc_row][vc_column width=&#8221;1\/3&#8243;][vc_column_text]<\/p>\n<h3 style=\"text-align: center;\"><b>Open (data)<\/b><\/h3>\n<p style=\"text-align: center;\">L\u2019accessibilit\u00e0 e la condivisione dei dati relativi alle istituzioni e alle collezioni culturali \u00e8 un passo importante per liberare il potenziale della cultura, individuando nuovi modi di creazione del valore: riutilizzo, reinterpretazione, interazione con altre fonti, derivazione di prodotti, software o applicazioni.<\/p>\n<p>[\/vc_column_text][\/vc_column][vc_column width=&#8221;1\/3&#8243;][vc_column_text]<\/p>\n<h3 style=\"text-align: center;\"><b>Wiki (approach)<\/b><\/h3>\n<p style=\"text-align: center;\">L\u2019approccio pi\u00f9 conosciuto e diffuso al mondo nelle interazioni tra community e conoscenza ha avuto numerose e vincenti applicazioni anche nel settore culturale: ne sono una prova strumenti come QRpedia e progetto GLAM, sempre pi\u00f9 utilizzati in Europa, che potrebbero essere importati con successo anche in Italia.<\/p>\n<p>[\/vc_column_text][\/vc_column][vc_column width=&#8221;1\/3&#8243;][vc_column_text]<\/p>\n<h3 style=\"text-align: center;\"><strong>Dutch (touch)<\/strong><\/h3>\n<p style=\"text-align: center;\"><span style=\"font-weight: 400; color: #333333;\">L\u2019Olanda \u00e8 uno degli stati europei che lavora da pi\u00f9 tempo sull\u2019applicazione di questi strumenti al settore culturale e che pu\u00f2 fornirci i casi di studio e le professionalit\u00e0 pi\u00f9 interessanti, per mostrare al settore culturale italiano direzioni di lavoro concrete, metodi gi\u00e0 sperimentati e commisurati ai risultati.<\/span><\/p>\n<p>[\/vc_column_text][\/vc_column][\/vc_row][vc_row][vc_column][vc_separator][vc_empty_space][vc_column_text]<\/p>\n<h1><span style=\"color: #00b28e;\"><b>La Conferenza<\/b><\/span><\/h1>\n<h4>Un incontro aperto\u00a0al pubblico con la presentazione di progetti e casi di studio dall\u2019Italia e dall\u2019Olanda, per\u00a0esplorare le interazioni possibili tra musei, patrimonio culturale e partecipazione digitale.<\/h4>\n<p>Una prima sessione ha presentato\u00a0i concetti chiave della giornata: l\u2019approccio wiki alle istituzioni museali e l\u2019uso degli open data per il patrimonio culturale. Wikimedia Italia\u00a0ha illustrato le attivit\u00e0 del <strong>Progetto GLAM<\/strong> di Wikipedia,\u00a0BAM! Strategie Culturali\u00a0ha presentato il progetto <strong>QRpedia<\/strong> e la sua applicazione alla Galleria Nazionale di Parma. <strong>Open Cultuur Data<\/strong>\u00a0ha raccontato\u00a0l\u2019esperienza del network olandese che dal 2011 si dedica all\u2019apertura di dati nel settore culturale.\u00a0Nella seconda parte della mattinata, due casi di musei eccezionali. Matera 2019\u00a0ha presentato\u00a0<strong>I-DEA<\/strong>, il progetto di digitalizzazione di archivi e collezioni del territorio lucano in un grande museo virtuale. Il Rijksmuseum di Amsterdam ha presentato\u00a0<strong>Rijksstudio<\/strong>, uno dei pi\u00f9 innovativi progetti al mondo nell\u2019apertura delle collezioni museali, basato sulla riutilizzazione creativa delle immagini delle opere da parte del pubblico.[\/vc_column_text][vc_btn title=&#8221;Il racconto&#8221; link=&#8221;url:http%3A%2F%2Fwww.bamstrategieculturali.com%2Fwikimuseums%2F2016%2F05%2F12%2Fgiorno-2-fatti-e-non-solo-parole-di-open-data%2F||&#8221;][vc_btn title=&#8221;Le foto&#8221; link=&#8221;url:https%3A%2F%2Fwww.facebook.com%2Fmedia%2Fset%2F%3Fset%3Doa.887393498053887%26type%3D1||target:%20_blank&#8221;][vc_separator][vc_empty_space][vc_column_text]<\/p>\n<h1><span style=\"color: #00b28e;\"><b>Il\u00a0Workshop<\/b><\/span><\/h1>\n<h4>Un momento di formazione a numero chiuso dedicato a operatori e professionisti dei musei e del patrimonio culturale, per\u00a0approfondire l\u2019uso di uno degli strumenti di divulgazione pi\u00f9 diffusi al mondo, Wikipedia.<\/h4>\n<p>Il team di esperti di Wikimuseums, formato da membri di Wikimedia Italia, Open Cultuur Data e BAM! Strategie Culturali, ha coinvolto\u00a0un gruppo di professionisti e operatori museali in una <strong>sessione intensiva di formazione, teorica e pratica<\/strong>, per avvicinarsi all\u2019uso di Wikipedia. Come si diventa autori di schede su Wikipedia? Quali progetti sono gi\u00e0 attivi all\u2019interno della community per le GLAMs? Com\u2019\u00e8 regolato l\u2019uso delle immagini? Come misurare l\u2019impatto di progetti di open data? Nella seconda parte del workshop, gli iscritti si sono messi\u00a0in gioco in prima persona come <strong>contributors<\/strong>, sperimentando la creazione di schede dell\u2019enciclopedia a partire dalle opere del Museo Pignatelli e dai musei del Polo museale della Campania.[\/vc_column_text][vc_btn title=&#8221;Il racconto&#8221; link=&#8221;url:http%3A%2F%2Fwww.bamstrategieculturali.com%2Fwikimuseums%2F2016%2F05%2F12%2Fgiorno-2-fatti-e-non-solo-parole-di-open-data%2F||&#8221;][vc_btn title=&#8221;Le foto&#8221; link=&#8221;url:https%3A%2F%2Fwww.facebook.com%2Fmedia%2Fset%2F%3Fset%3Doa.887393498053887%26type%3D1||target:%20_blank&#8221;][vc_separator][vc_empty_space][vc_column_text]<\/p>\n<h1><span style=\"color: #00b28e;\"><b>La Maratona<\/b><\/span><\/h1>\n<h4>Un percorso fra pratica e teoria che ha visto\u00a0protagonista un gruppo di studenti napoletani affiancato da un team di esperti, per\u00a0valorizzare luoghi, opere e monumenti\u00a0meno conosciuti del centro storico di Napoli.<\/h4>\n<p>Wikimuseums ha coinvolto\u00a0un gruppo di studenti appassionati di cultura e tecnologia in un percorso di valorizzazione dei beni culturali della loro citt\u00e0 che non si \u00e8 esaurito nelle due giornate del 5 e 6 maggio. Le segnalazioni dei luoghi da riscoprire nel centro storico di Napoli sono arrivate gi\u00e0 nelle settimane precedenti, grazie alla collaborazione con\u00a0l&#8217;Universit\u00e0 degli studi di Napoli &#8220;Federico II&#8221; e con una rete di associazioni cittadine dedicate alla <strong>valorizzazione e alla rigenerazione di luoghi culturali<\/strong>.\u00a0Nella prima giornata di maratona, dopo un corso accelerato a cura degli esperti di Wikimuseums, l\u2019intero gruppo si \u00e8 cimentato in un <strong>editathon<\/strong>: una sessione intensiva di creazione ed editing di voci Wikipedia. Il secondo giorno la maratona \u00e8 uscita\u00a0dal museo per \u201ctaggare\u201d la citt\u00e0: grazie alla collaborazione con <strong>OpenStreetMap<\/strong>, il gruppo ha\u00a0geolocalizzato i luoghi prescelti su una mappa di Napoli e li ha collegati\u00a0alle voci Wikipedia. Alcuni <strong>codici QR<\/strong> linkati alle schede sono stati\u00a0posizionati vicino ai beni, segnalando\u00a0ai cittadini il passaggio della maratona.[\/vc_column_text][vc_btn title=&#8221;Il racconto&#8221; link=&#8221;url:http%3A%2F%2Fwww.bamstrategieculturali.com%2Fwikimuseums%2F2016%2F05%2F06%2Fse-la-chiamano-maratona-ci-sara-un-perche%2F||&#8221;][vc_btn title=&#8221;Le foto&#8221; link=&#8221;url:https%3A%2F%2Fwww.facebook.com%2Fmedia%2Fset%2F%3Fset%3Doa.887393498053887%26type%3D1||target:%20_blank&#8221;][vc_btn title=&#8221;Il gruppo&#8221; link=&#8221;url:http%3A%2F%2Fwww.facebook.com%2Fgroups%2Fwikimuseums||target:%20_blank&#8221;][\/vc_column][\/vc_row][vc_row][vc_column][vc_separator][vc_empty_space][vc_column_text css=&#8221;&#8221;]<\/p>\n<h1 class=\"storify\"><span style=\"color: #ff6600;\"><strong>Rivivi i due giorni!<\/strong><\/span><\/h1>\n<div class=\"storify\">\n<p>&nbsp;<\/p>\n<\/div>\n<p>[\/vc_column_text][vc_gallery interval=&#8221;3&#8243; images=&#8221;953,1196,1208,835&#8243; img_size=&#8221;large&#8221; css=&#8221;&#8221;][\/vc_column][\/vc_row][vc_row][vc_column]<div class=\"themeum-title  \" style=\"text-align:center;\"><h3 class=\"style-title\" style=\"font-size:52px;line-height: normal;\">Speakers<\/h3><h4 class=\"style-sub-title\" style=\"\">I volti di Wikimuseums a Napoli<\/h4><\/div><div class=\"themeum-speaker-listing \"><div class=\"row\"><div class=\"col-xs-12 col-sm-6 col-md-3\"><div class=\"sp-speaker\"><div class=\"speaker-image\"><div class=\"speaker-image-wrapper\"><img decoding=\"async\" class=\"img-responsive\" src=\"http:\/\/www.bamstrategieculturali.com\/wikimuseums\/wp-content\/uploads\/2015\/09\/wikimuseums-MaartenBrinkerik-1-458x458.jpg\" alt=\"Maarten Brinkerink\"><div class=\"social-icons\"><ul class=\"social-links-4\"><li class=\"social-1\"><a target=\"_blank\" class=\"social-twitter\" href=\"http:\/\/twitter.com\/opencultuurdata\"><i class=\"fa fa-twitter\"><\/i><\/a><\/li><\/ul><\/div><\/div><\/div><h4 class=\"speaker-title\"><a href=\"http:\/\/www.bamstrategieculturali.com\/wikimuseums\/speaker\/maarten-brinkerink\/\">Maarten Brinkerink<\/a><\/h4><p class=\"speaker-designation\">Open Cultuur Data | Public Participation Expert<\/p><\/div><\/div><div class=\"col-xs-12 col-sm-6 col-md-3\"><div class=\"sp-speaker\"><div class=\"speaker-image\"><div class=\"speaker-image-wrapper\"><img decoding=\"async\" class=\"img-responsive\" src=\"http:\/\/www.bamstrategieculturali.com\/wikimuseums\/wp-content\/uploads\/2015\/09\/wikimuseums-MariellaUtili-458x458.jpg\" alt=\"Mariella Utili\"><div class=\"social-icons\"><ul class=\"social-links-4\"><li class=\"social-1\"><a target=\"_blank\" class=\"social-twitter\" href=\"http:\/\/twitter.com\/polonapoli\"><i class=\"fa fa-twitter\"><\/i><\/a><\/li><\/ul><\/div><\/div><\/div><h4 class=\"speaker-title\"><a href=\"http:\/\/www.bamstrategieculturali.com\/wikimuseums\/speaker\/mariella-utili\/\">Mariella Utili<\/a><\/h4><p class=\"speaker-designation\">Museums of Campania | Director<\/p><\/div><\/div><div class=\"col-xs-12 col-sm-6 col-md-3\"><div class=\"sp-speaker\"><div class=\"speaker-image\"><div class=\"speaker-image-wrapper\"><img decoding=\"async\" class=\"img-responsive\" src=\"http:\/\/www.bamstrategieculturali.com\/wikimuseums\/wp-content\/uploads\/2015\/09\/wikimuseums-PeterGorgels-458x458.jpg\" alt=\"Peter Gorgels\"><div class=\"social-icons\"><ul class=\"social-links-4\"><li class=\"social-1\"><a target=\"_blank\" class=\"social-facebook\" href=\"http:\/\/www.facebook.com\/rijksmuseum\"><i class=\"fa fa-facebook\"><\/i><\/a><\/li><li class=\"social-2\"><a target=\"_blank\" class=\"social-twitter\" href=\"http:\/\/twitter.com\/rijksmuseum\"><i class=\"fa fa-twitter\"><\/i><\/a><\/li><li class=\"social-3\"><a target=\"_blank\" class=\"social-pinterest\" href=\"https:\/\/www.pinterest.com\/rijksmuseum\/\"><i class=\"fa fa-pinterest\"><\/i><\/a><\/li><li class=\"social-4\"><a target=\"_blank\" class=\"social-youtube\" href=\"https:\/\/www.youtube.com\/user\/RijksmuseumAmsterdam\"><i class=\"fa fa-youtube\"><\/i><\/a><\/li><\/ul><\/div><\/div><\/div><h4 class=\"speaker-title\"><a href=\"http:\/\/www.bamstrategieculturali.com\/wikimuseums\/speaker\/peter-gorgels\/\">Peter Gorgels<\/a><\/h4><p class=\"speaker-designation\">Rijksmuseum | Digital Communication Manager<\/p><\/div><\/div><div class=\"col-xs-12 col-sm-6 col-md-3\"><div class=\"sp-speaker\"><div class=\"speaker-image\"><div class=\"speaker-image-wrapper\"><img decoding=\"async\" class=\"img-responsive\" src=\"http:\/\/www.bamstrategieculturali.com\/wikimuseums\/wp-content\/uploads\/2015\/09\/wikimuseums-DadoBaruzzi-458x458.jpg\" alt=\"Davide Baruzzi\"><div class=\"social-icons\"><ul class=\"social-links-4\"><li class=\"social-1\"><a target=\"_blank\" class=\"social-facebook\" href=\"http:\/\/www.facebook.com\/BAMStrategieCulturali\/\"><i class=\"fa fa-facebook\"><\/i><\/a><\/li><li class=\"social-2\"><a target=\"_blank\" class=\"social-twitter\" href=\"http:\/\/twitter.com\/bamstracult\"><i class=\"fa fa-twitter\"><\/i><\/a><\/li><li class=\"social-3\"><a target=\"_blank\" class=\"social-instagram\" href=\"http:\/\/instagram.com\/bamstracult\"><i class=\"fa fa-instagram\"><\/i><\/a><\/li><\/ul><\/div><\/div><\/div><h4 class=\"speaker-title\"><a href=\"http:\/\/www.bamstrategieculturali.com\/wikimuseums\/speaker\/davide-baruzzi\/\">Davide Baruzzi<\/a><\/h4><p class=\"speaker-designation\">BAM! Strategie Culturali | Project Designer<\/p><\/div><\/div><\/div><div class=\"row\"><div class=\"col-xs-12 col-sm-6 col-md-3\"><div class=\"sp-speaker\"><div class=\"speaker-image\"><div class=\"speaker-image-wrapper\"><img decoding=\"async\" class=\"img-responsive\" src=\"http:\/\/www.bamstrategieculturali.com\/wikimuseums\/wp-content\/uploads\/2016\/04\/SVGmalatesta-458x458.jpg\" alt=\"Saverio Giulio Malatesta\"><div class=\"social-icons\"><ul class=\"social-links-4\"><li class=\"social-1\"><a target=\"_blank\" class=\"social-facebook\" href=\"https:\/\/www.facebook.com\/saveriog.malatesta\"><i class=\"fa fa-facebook\"><\/i><\/a><\/li><li class=\"social-2\"><a target=\"_blank\" class=\"social-twitter\" href=\"https:\/\/twitter.com\/S4V3G\"><i class=\"fa fa-twitter\"><\/i><\/a><\/li><li class=\"social-3\"><a target=\"_blank\" class=\"social-linkedin\" href=\"https:\/\/it.linkedin.com\/in\/saveriogiuliomalatesta\"><i class=\"fa fa-linkedin\"><\/i><\/a><\/li><li class=\"social-4\"><a target=\"_blank\" class=\"social-skype\" href=\"http:\/\/dyskephalos\"><i class=\"fa fa-skype\"><\/i><\/a><\/li><\/ul><\/div><\/div><\/div><h4 class=\"speaker-title\"><a href=\"http:\/\/www.bamstrategieculturali.com\/wikimuseums\/speaker\/saverio-giulio-malatesta\/\">Saverio Giulio Malatesta<\/a><\/h4><p class=\"speaker-designation\">Wikimedia Italia | Coordinator in Campania, Italy<\/p><\/div><\/div><div class=\"col-xs-12 col-sm-6 col-md-3\"><div class=\"sp-speaker\"><div class=\"speaker-image\"><div class=\"speaker-image-wrapper\"><img decoding=\"async\" class=\"img-responsive\" src=\"http:\/\/www.bamstrategieculturali.com\/wikimuseums\/wp-content\/uploads\/2016\/04\/albere_simone_crop-458x458.jpg\" alt=\"Simone Cortesi\"><div class=\"social-icons\"><ul class=\"social-links-4\"><li class=\"social-1\"><a target=\"_blank\" class=\"social-facebook\" href=\"https:\/\/www.facebook.com\/simone.cortesi?fref=ts\"><i class=\"fa fa-facebook\"><\/i><\/a><\/li><li class=\"social-2\"><a target=\"_blank\" class=\"social-twitter\" href=\"https:\/\/twitter.com\/simonecortesi\"><i class=\"fa fa-twitter\"><\/i><\/a><\/li><li class=\"social-3\"><a target=\"_blank\" class=\"social-linkedin\" href=\"https:\/\/www.linkedin.com\/in\/simonecortesi?authType=NAME_SEARCH&#038;authToken=LTCB&#038;locale=en_US&#038;srchid=2579700231461073765645&#038;srchindex=1&#038;srchtotal=4&#038;trk=vsrp_people_res_name&#038;trkInfo=VSRPsearchId%3A2579700231461073765645%2CVSRPtargetId%3A191318%2CVSRPcmpt%3Aprimary%2CVSRPnm%3Atrue%2CauthType%3ANAME_SEARCH\"><i class=\"fa fa-linkedin\"><\/i><\/a><\/li><\/ul><\/div><\/div><\/div><h4 class=\"speaker-title\"><a href=\"http:\/\/www.bamstrategieculturali.com\/wikimuseums\/speaker\/simone-cortesi\/\">Simone Cortesi<\/a><\/h4><p class=\"speaker-designation\">OpenStreetMap | Director<\/p><\/div><\/div><div class=\"col-xs-12 col-sm-6 col-md-3\"><div class=\"sp-speaker\"><div class=\"speaker-image\"><div class=\"speaker-image-wrapper\"><img decoding=\"async\" class=\"img-responsive\" src=\"http:\/\/www.bamstrategieculturali.com\/wikimuseums\/wp-content\/uploads\/2016\/04\/Schermata-2016-04-19-alle-11.21.10-1-458x458.png\" alt=\"Alessandro Palmas\"><div class=\"social-icons\"><ul class=\"social-links-4\"><\/ul><\/div><\/div><\/div><h4 class=\"speaker-title\"><a href=\"http:\/\/www.bamstrategieculturali.com\/wikimuseums\/speaker\/alessandro-palmas\/\">Alessandro Palmas<\/a><\/h4><p class=\"speaker-designation\">OpenStreetMap | Project Manager\r\n<\/p><\/div><\/div><div class=\"col-xs-12 col-sm-6 col-md-3\"><div class=\"sp-speaker\"><div class=\"speaker-image\"><div class=\"speaker-image-wrapper\"><img decoding=\"async\" class=\"img-responsive\" src=\"http:\/\/www.bamstrategieculturali.com\/wikimuseums\/wp-content\/uploads\/2016\/04\/Photo_Verri-2-458x458.jpg\" alt=\"Paolo Verri\"><div class=\"social-icons\"><ul class=\"social-links-4\"><li class=\"social-1\"><a target=\"_blank\" class=\"social-facebook\" href=\"https:\/\/www.facebook.com\/paolo.verri\"><i class=\"fa fa-facebook\"><\/i><\/a><\/li><li class=\"social-2\"><a target=\"_blank\" class=\"social-linkedin\" href=\"https:\/\/www.linkedin.com\/in\/paolo-verri-29432246?authType=NAME_SEARCH&#038;authToken=iy2d&#038;locale=it_IT&#038;srchid=2579700231461058200547&#038;srchindex=1&#038;srchtotal=15&#038;trk=vsrp_people_res_name&#038;trkInfo=VSRPsearchId%3A2579700231461058200547%2CVSRPtargetId%3A162034960%2CVSRPcmpt%3Aprimary%2CVSRPnm%3Atrue%2CauthType%3ANAME_SEARCH\"><i class=\"fa fa-linkedin\"><\/i><\/a><\/li><\/ul><\/div><\/div><\/div><h4 class=\"speaker-title\"><a href=\"http:\/\/www.bamstrategieculturali.com\/wikimuseums\/speaker\/paolo-verri\/\">Paolo Verri<\/a><\/h4><p class=\"speaker-designation\">Matera 2019 | Project Manager<\/p><\/div><\/div><\/div><div class=\"row\"><div class=\"col-xs-12 col-sm-6 col-md-3\"><div class=\"sp-speaker\"><div class=\"speaker-image\"><div class=\"speaker-image-wrapper\"><img decoding=\"async\" class=\"img-responsive\" src=\"http:\/\/www.bamstrategieculturali.com\/wikimuseums\/wp-content\/uploads\/2016\/04\/rossella-tarantino-1-458x458.jpg\" alt=\"Rossella Tarantino\"><div class=\"social-icons\"><ul class=\"social-links-4\"><li class=\"social-1\"><a target=\"_blank\" class=\"social-linkedin\" href=\"https:\/\/www.linkedin.com\/in\/rossella-tarantino-0567ba28?authType=name&#038;authToken=MO5O&#038;trk=prof-sb-browse_map-name\"><i class=\"fa fa-linkedin\"><\/i><\/a><\/li><\/ul><\/div><\/div><\/div><h4 class=\"speaker-title\"><a href=\"http:\/\/www.bamstrategieculturali.com\/wikimuseums\/speaker\/rossella-tarantino\/\">Rossella Tarantino<\/a><\/h4><p class=\"speaker-designation\">Matera 2019 | Project Manager<\/p><\/div><\/div><div class=\"col-xs-12 col-sm-6 col-md-3\"><div class=\"sp-speaker\"><div class=\"speaker-image\"><div class=\"speaker-image-wrapper\"><img decoding=\"async\" class=\"img-responsive\" src=\"http:\/\/www.bamstrategieculturali.com\/wikimuseums\/wp-content\/uploads\/2016\/04\/11174796_10205057104565005_3795220208301594724_n.jpg\" alt=\"Claudio Forziati\"><div class=\"social-icons\"><ul class=\"social-links-4\"><li class=\"social-1\"><a target=\"_blank\" class=\"social-facebook\" href=\"https:\/\/www.facebook.com\/claudio.forziati\"><i class=\"fa fa-facebook\"><\/i><\/a><\/li><li class=\"social-2\"><a target=\"_blank\" class=\"social-twitter\" href=\"https:\/\/twitter.com\/claudioforziati\"><i class=\"fa fa-twitter\"><\/i><\/a><\/li><li class=\"social-3\"><a target=\"_blank\" class=\"social-linkedin\" href=\"https:\/\/www.linkedin.com\/in\/claudio-forziati-9049b642\"><i class=\"fa fa-linkedin\"><\/i><\/a><\/li><\/ul><\/div><\/div><\/div><h4 class=\"speaker-title\"><a href=\"http:\/\/www.bamstrategieculturali.com\/wikimuseums\/speaker\/claudio-forziati\/\">Claudio Forziati<\/a><\/h4><p class=\"speaker-designation\">Wikimedia Italia | Coordinator in Campania, Italy<\/p><\/div><\/div><\/div><\/div>[\/vc_column][\/vc_row]<\/p>\n<\/div>","protected":false},"excerpt":{"rendered":"<p>[vc_row][vc_column][vc_column_text] Il primo esperimento di Wikimuseums si \u00e8 svolto il 5 e 6 maggio 2016 al Museo Pignatelli di Napoli: due giorni di incontri e approfondimenti su patrimonio culturale e partecipazione digitale. [\/vc_column_text][\/vc_column][\/vc_row][vc_row][vc_column width=&#8221;1\/3&#8243;][vc_column_text] Open (data) L\u2019accessibilit\u00e0 e la condivisione dei dati relativi alle istituzioni e alle collezioni culturali \u00e8 un passo importante per liberare&nbsp;<\/p>\n<p><a class=\"btn btn-style\" href=\"http:\/\/www.bamstrategieculturali.com\/wikimuseums\/speaker\/claudio-forziati\/\">Continue Reading<\/a><\/p>\n","protected":false},"author":1,"featured_media":0,"parent":0,"menu_order":0,"comment_status":"closed","ping_status":"closed","template":"","meta":{"footnotes":""},"_links":{"self":[{"href":"http:\/\/www.bamstrategieculturali.com\/wikimuseums\/wp-json\/wp\/v2\/pages\/355"}],"collection":[{"href":"http:\/\/www.bamstrategieculturali.com\/wikimuseums\/wp-json\/wp\/v2\/pages"}],"about":[{"href":"http:\/\/www.bamstrategieculturali.com\/wikimuseums\/wp-json\/wp\/v2\/types\/page"}],"author":[{"embeddable":true,"href":"http:\/\/www.bamstrategieculturali.com\/wikimuseums\/wp-json\/wp\/v2\/users\/1"}],"replies":[{"embeddable":true,"href":"http:\/\/www.bamstrategieculturali.com\/wikimuseums\/wp-json\/wp\/v2\/comments?post=355"}],"version-history":[{"count":56,"href":"http:\/\/www.bamstrategieculturali.com\/wikimuseums\/wp-json\/wp\/v2\/pages\/355\/revisions"}],"predecessor-version":[{"id":1663,"href":"http:\/\/www.bamstrategieculturali.com\/wikimuseums\/wp-json\/wp\/v2\/pages\/355\/revisions\/1663"}],"wp:attachment":[{"href":"http:\/\/www.bamstrategieculturali.com\/wikimuseums\/wp-json\/wp\/v2\/media?parent=355"}],"curies":[{"name":"wp","href":"https:\/\/api.w.org\/{rel}","templated":true}]}}