{"id":380,"date":"2015-09-18T06:35:12","date_gmt":"2015-09-18T06:35:12","guid":{"rendered":"http:\/\/demo.themeum.com\/wordpress\/eventum\/activity\/"},"modified":"2024-06-03T13:04:44","modified_gmt":"2024-06-03T11:04:44","slug":"maratona","status":"publish","type":"page","link":"http:\/\/www.bamstrategieculturali.com\/wikimuseums\/maratona\/","title":{"rendered":"Maratona"},"content":{"rendered":"<div class=\"wpb-content-wrapper\"><p>[vc_row][vc_column][vc_column_text]<\/p>\n<h3 style=\"text-align: center;\"><b>GIOVED\u00cc 5 MAGGIO 9:00 &#8211; 13:00 | 14:00 &#8211; 19:00<br \/>\nVENERD\u00cc 6 MAGGIO 9:00 &#8211; 13:00 | 14:00 &#8211; 19:00<\/b><\/h3>\n<p>&nbsp;<\/p>\n<p style=\"text-align: left;\"><strong>Un percorso fra pratica e teoria che vedr\u00e0 protagonista un gruppo di studenti napoletani affiancato da un team di esperti, per\u00a0valorizzare luoghi, opere e monumenti meno conosciuti del centro storico di Napoli.<\/strong><\/p>\n<p style=\"text-align: left;\">Wikimuseums cerca un gruppo di studenti appassionati di cultura e tecnologia per coinvolgerli in un percorso di valorizzazione dei beni culturali della loro citt\u00e0 che non si esaurir\u00e0\u00a0nelle due giornate del 5 e 6 maggio.\u00a0Nelle settimane precedenti, i\u00a0ragazzi avranno voce in capitolo sulla <strong>scelta\u00a0dei beni<\/strong> su cui lavorare: il team di Wikimuseums discuter\u00e0 con loro\u00a0le segnalazioni di luoghi da riscoprire nel centro storico di Napoli che arriveranno attraverso questo sito web e i social network.<\/p>\n<p style=\"text-align: left;\">All&#8217;inizio della prima giornata di maratona, gli\u00a0esperti di Wikimuseums\u00a0presenteranno ai ragazzi i metodi e gli strumenti di lavoro, in un corso accelerato di\u00a0partecipazione digitale. A seguire, l&#8217;intero gruppo di esperti e ragazzi si cimenter\u00e0 in un <strong>editathon<\/strong>:\u00a0una sessione intensiva\u00a0di creazione ed editing\u00a0di voci Wikipedia, relative ai beni prescelti.<\/p>\n<p style=\"text-align: left;\">Il secondo giorno\u00a0la maratona esce\u00a0dal museo per &#8220;taggare&#8221; la citt\u00e0.\u00a0Grazie alla collaborazione con\u00a0<strong>OpenStreetMap<\/strong>, il gruppo potr\u00e0 geolocalizzare i luoghi prescelti su una mappa di Napoli online e collegarli alle voci\u00a0Wikipedia appena prodotte, che saranno consultabili\u00a0da tutti i fruitori della mappa. Alcuni codici QR linkati alle schede saranno posizionati vicino ai beni, mostrando\u00a0ai cittadini il passaggio della maratona.<\/p>\n<p style=\"text-align: left;\"><em>La Maratona\u00a0si svolger\u00e0 in italiano e in inglese.<\/em><\/p>\n<p>&nbsp;<\/p>\n<h4><b>Partecipa!<\/b><\/h4>\n<p>La Maratona\u00a0di Wikimuseums \u00e8 pensata per un gruppo di studenti e ragazzi tra i 18 e i 30 anni.<br \/>\nVuoi\u00a0essere dei nostri? Compila il modulo e invia la tua candidatura.[\/vc_column_text][vc_btn title=&#8221;Invia la tua candidatura&#8221; link=&#8221;url:https%3A%2F%2Fdocs.google.com%2Fforms%2Fd%2F1Y1N1nmwUXGTKID0fjkpeII7xpCfEZxGgpz0gvkSv97k%2Fviewform%3Fusp%3Dsend_form||target:%20_blank&#8221;][\/vc_column][\/vc_row]<\/p>\n<\/div>","protected":false},"excerpt":{"rendered":"<p>[vc_row][vc_column][vc_column_text] GIOVED\u00cc 5 MAGGIO 9:00 &#8211; 13:00 | 14:00 &#8211; 19:00 VENERD\u00cc 6 MAGGIO 9:00 &#8211; 13:00 | 14:00 &#8211; 19:00 &nbsp; Un percorso fra pratica e teoria che vedr\u00e0 protagonista un gruppo di studenti napoletani affiancato da un team di esperti, per\u00a0valorizzare luoghi, opere e monumenti meno conosciuti del centro storico di Napoli. Wikimuseums&nbsp;<\/p>\n<p><a class=\"btn btn-style\" href=\"http:\/\/www.bamstrategieculturali.com\/wikimuseums\/maratona\/\">Continue Reading<\/a><\/p>\n","protected":false},"author":1,"featured_media":0,"parent":0,"menu_order":0,"comment_status":"closed","ping_status":"closed","template":"","meta":{"footnotes":""},"_links":{"self":[{"href":"http:\/\/www.bamstrategieculturali.com\/wikimuseums\/wp-json\/wp\/v2\/pages\/380"}],"collection":[{"href":"http:\/\/www.bamstrategieculturali.com\/wikimuseums\/wp-json\/wp\/v2\/pages"}],"about":[{"href":"http:\/\/www.bamstrategieculturali.com\/wikimuseums\/wp-json\/wp\/v2\/types\/page"}],"author":[{"embeddable":true,"href":"http:\/\/www.bamstrategieculturali.com\/wikimuseums\/wp-json\/wp\/v2\/users\/1"}],"replies":[{"embeddable":true,"href":"http:\/\/www.bamstrategieculturali.com\/wikimuseums\/wp-json\/wp\/v2\/comments?post=380"}],"version-history":[{"count":7,"href":"http:\/\/www.bamstrategieculturali.com\/wikimuseums\/wp-json\/wp\/v2\/pages\/380\/revisions"}],"predecessor-version":[{"id":1672,"href":"http:\/\/www.bamstrategieculturali.com\/wikimuseums\/wp-json\/wp\/v2\/pages\/380\/revisions\/1672"}],"wp:attachment":[{"href":"http:\/\/www.bamstrategieculturali.com\/wikimuseums\/wp-json\/wp\/v2\/media?parent=380"}],"curies":[{"name":"wp","href":"https:\/\/api.w.org\/{rel}","templated":true}]}}