{"id":802,"date":"2016-03-17T11:58:36","date_gmt":"2016-03-17T10:58:36","guid":{"rendered":"http:\/\/www.bamstrategieculturali.com\/wikimuseums\/?page_id=802"},"modified":"2016-04-14T17:42:00","modified_gmt":"2016-04-14T15:42:00","slug":"workshop","status":"publish","type":"page","link":"http:\/\/www.bamstrategieculturali.com\/wikimuseums\/workshop\/","title":{"rendered":"Workshop"},"content":{"rendered":"<div class=\"wpb-content-wrapper\"><p>[:it][vc_row][vc_column][vc_column_text]<\/p>\n<h3 style=\"text-align: center;\"><b>VENERD\u00ec, 6 MAGGIO<\/b><\/h3>\n<h4 style=\"text-align: center;\"><b>14.30 &#8211; 18.30<\/b><\/h4>\n<p>&nbsp;<\/p>\n<p class=\"p1\"><strong><span class=\"s1\">Un momento di formazione a numero chiuso dedicato a operatori e professionisti dei musei e del patrimonio culturale,\u00a0per\u00a0approfondire l\u2019uso di uno degli strumenti di divulgazione pi\u00f9 diffusi al mondo, Wikipedia.<\/span><\/strong><\/p>\n<p class=\"p1\"><span class=\"s1\">Il team di esperti di Wikimuseums, formato da membri\u00a0di Wikimedia Italia, Open Cultuur Data e BAM! Strategie Culturali, coinvolger\u00e0 un gruppo di\u00a0professionisti e operatori museali in una sessione intensiva di formazione, teorica e pratica, per avvicinarsi all\u2019uso di Wikipedia.\u00a0Come si diventa autori di schede su Wikipedia? Quali progetti sono gi\u00e0 attivi all\u2019interno della community per le GLAMs? Com\u2019\u00e8 regolato l\u2019uso delle immagini? Come misurare l\u2019impatto di progetti di open data?<\/span><\/p>\n<p class=\"p1\"><span class=\"s1\">Nella seconda parte del workshop, gli iscritti saranno invitati a mettersi in gioco in prima persona come\u00a0contributors, sperimentando la creazione\u00a0di schede dell\u2019enciclopedia a partire dalle opere del Museo Pignatelli.<\/span><\/p>\n<p class=\"p1\"><span class=\"s1\">Il Workshop si svolger\u00e0 in italiano.<\/span><\/p>\n<p class=\"p1\"><span class=\"s1\">\u00a0<\/span><\/p>\n<p class=\"p2\"><span class=\"s1\">Partecipa!<\/span><\/p>\n<p class=\"p1\"><span class=\"s1\">Il Workshop di Wikimuseums \u00e8 a numero chiuso: la partecipazione, gratuita, \u00e8\u00a0riservata a\u00a0operatori e professionisti dei musei e dei beni culturali.\u00a0\u00c8 possibile iscriversi online entro venerd\u00ec 20 aprile: la partecipazione sar\u00e0 confermata entro venerd\u00ec 22 aprile.<\/span><\/p>\n<p class=\"p1\"><span class=\"s1\">Vuoi essere dei nostri?<\/span><\/p>\n<p>[\/vc_column_text][vc_btn title=&#8221;Subscribe!&#8221; link=&#8221;url:https%3A%2F%2Fwww.eventbrite.com%2Fe%2Fregistrazione-wikimuseums-23149344312||target:%20_blank&#8221;][\/vc_column][\/vc_row][:en][vc_row][vc_column][vc_column_text]<\/p>\n<h3 style=\"text-align: center;\"><b>FRIDAY,\u00a0MAY 6<\/b><\/h3>\n<h4 style=\"text-align: center;\"><b>2.30 &#8211; 6.30 pm<\/b><\/h4>\n<p>&nbsp;<\/p>\n<p class=\"p1\"><span class=\"s1\"><b>A training session for a limited number of operators and professionals in museums and cultural heritage, to\u00a0learn to deal with one of the most used dissemination tools in the world, Wikipedia.<\/b><\/span><\/p>\n<p class=\"p1\"><span class=\"s1\">A team of experts made up by members of Wikimedia Italy, Open Cultuur Data and BAM! Cultural Strategies will engage a group of professionals and museum operators in an intensive training session, theoretical and practical, about the use of Wikipedia. How do you become an author on Wikipedia? Which projects are already active in the GLAMs communities?\u00a0How does it work with images? How do you measure the impact of an open data project?<\/span><\/p>\n<p class=\"p1\"><span class=\"s1\">In the second part of the workshop, the participants will be asked to get involved directly as\u00a0<i>contributors<\/i>,\u00a0experimenting their skills in creating\u00a0Wikipedia pages starting from\u00a0the artworks of Museo Pignatelli.<\/span><\/p>\n<p class=\"p1\"><span class=\"s1\"><i>The\u00a0Workshop will be held in Italian.<\/i><\/span><\/p>\n<p class=\"p1\"><span class=\"s1\"><b>Join in!<\/b><\/span><\/p>\n<p class=\"p1\"><span class=\"s1\">The Wikimuseums Workshop is reserved\u00a0for a limited number of professionals and museum operators.<\/span><\/p>\n<p class=\"p1\"><span class=\"s1\">It is possible to subscribe online before friday, April 20: the participation will be confirmed before friday, April 22.<\/span><\/p>\n<p class=\"p1\"><span class=\"s1\">Want to join us?<\/span><\/p>\n<p>[\/vc_column_text][vc_btn title=&#8221;Subscribe!&#8221; link=&#8221;url:https%3A%2F%2Fwww.eventbrite.com%2Fe%2Fregistrazione-wikimuseums-23149344312||target:%20_blank&#8221;][\/vc_column][\/vc_row][:]<\/p>\n<\/div>","protected":false},"excerpt":{"rendered":"<p>[:it][vc_row][vc_column][vc_column_text] VENERD\u00ec, 6 MAGGIO 14.30 &#8211; 18.30 &nbsp; Un momento di formazione a numero chiuso dedicato a operatori e professionisti dei musei e del patrimonio culturale,\u00a0per\u00a0approfondire l\u2019uso di uno degli strumenti di divulgazione pi\u00f9 diffusi al mondo, Wikipedia. Il team di esperti di Wikimuseums, formato da membri\u00a0di Wikimedia Italia, Open Cultuur Data e BAM! Strategie&nbsp;<\/p>\n<p><a class=\"btn btn-style\" href=\"http:\/\/www.bamstrategieculturali.com\/wikimuseums\/workshop\/\">Continue Reading<\/a><\/p>\n","protected":false},"author":4,"featured_media":0,"parent":0,"menu_order":0,"comment_status":"closed","ping_status":"closed","template":"","meta":{"footnotes":""},"_links":{"self":[{"href":"http:\/\/www.bamstrategieculturali.com\/wikimuseums\/wp-json\/wp\/v2\/pages\/802"}],"collection":[{"href":"http:\/\/www.bamstrategieculturali.com\/wikimuseums\/wp-json\/wp\/v2\/pages"}],"about":[{"href":"http:\/\/www.bamstrategieculturali.com\/wikimuseums\/wp-json\/wp\/v2\/types\/page"}],"author":[{"embeddable":true,"href":"http:\/\/www.bamstrategieculturali.com\/wikimuseums\/wp-json\/wp\/v2\/users\/4"}],"replies":[{"embeddable":true,"href":"http:\/\/www.bamstrategieculturali.com\/wikimuseums\/wp-json\/wp\/v2\/comments?post=802"}],"version-history":[{"count":20,"href":"http:\/\/www.bamstrategieculturali.com\/wikimuseums\/wp-json\/wp\/v2\/pages\/802\/revisions"}],"predecessor-version":[{"id":1126,"href":"http:\/\/www.bamstrategieculturali.com\/wikimuseums\/wp-json\/wp\/v2\/pages\/802\/revisions\/1126"}],"wp:attachment":[{"href":"http:\/\/www.bamstrategieculturali.com\/wikimuseums\/wp-json\/wp\/v2\/media?parent=802"}],"curies":[{"name":"wp","href":"https:\/\/api.w.org\/{rel}","templated":true}]}}